{"id":377,"date":"2026-03-10T00:11:23","date_gmt":"2026-03-10T00:11:23","guid":{"rendered":"https:\/\/fundacionmarangatu.org\/?page_id=377"},"modified":"2026-03-13T23:00:56","modified_gmt":"2026-03-13T23:00:56","slug":"notas-blog","status":"publish","type":"page","link":"https:\/\/fundacionmarangatu.org\/?page_id=377","title":{"rendered":"Notas\/Blog"},"content":{"rendered":"\t\t<div data-elementor-type=\"wp-page\" data-elementor-id=\"377\" class=\"elementor elementor-377\">\n\t\t\t\t<div class=\"elementor-element elementor-element-c5c082c e-flex e-con-boxed e-con e-parent\" data-id=\"c5c082c\" data-element_type=\"container\" data-e-type=\"container\">\n\t\t\t\t\t<div class=\"e-con-inner\">\n\t\t\t\t<div class=\"elementor-element elementor-element-f2ffd64 elementor-grid-eael-col-4 elementor-grid-tablet-eael-col-2 elementor-grid-mobile-eael-col-1 elementor-widget elementor-widget-eael-post-grid\" data-id=\"f2ffd64\" data-element_type=\"widget\" data-e-type=\"widget\" data-settings=\"{&quot;eael_post_grid_columns&quot;:&quot;eael-col-4&quot;,&quot;eael_post_grid_columns_tablet&quot;:&quot;eael-col-2&quot;,&quot;eael_post_grid_columns_mobile&quot;:&quot;eael-col-1&quot;}\" data-widget_type=\"eael-post-grid.default\">\n\t\t\t\t<div class=\"elementor-widget-container\">\n\t\t\t\t\t<div id=\"eael-post-grid-f2ffd64\" class=\"eael-post-grid-container\">\n            <div class=\"eael-post-grid eael-post-appender eael-post-appender-f2ffd64 eael-post-grid-style-two\" data-layout-mode=\"grid\"><article class=\"eael-grid-post  eael-post-grid-column eael-pg-post-483 category-notas-de-prensa-uncategorized tags-2026-notas-de-prensa-revista-vertices\" data-id=\"483\">\n    <div class=\"eael-grid-post-holder\">\n        <div class=\"eael-grid-post-holder-inner\"><div class=\"eael-entry-media\"><div class=\"eael-entry-overlay fade-in\"><i class=\"fas fa-long-arrow-alt-right\" aria-hidden=\"true\"><\/i><a href=\"https:\/\/fundacionmarangatu.org\/?p=483\"><\/a><\/div><div class=\"eael-entry-thumbnail \">\n                            <img fetchpriority=\"high\" decoding=\"async\" width=\"300\" height=\"225\" src=\"https:\/\/fundacionmarangatu.org\/wp-content\/uploads\/2026\/02\/040226091246_primary_f8s17Ajeox-300x225.webp\" class=\"attachment-medium size-medium wp-image-485\" alt=\"\" srcset=\"https:\/\/fundacionmarangatu.org\/wp-content\/uploads\/2026\/02\/040226091246_primary_f8s17Ajeox-300x225.webp 300w, https:\/\/fundacionmarangatu.org\/wp-content\/uploads\/2026\/02\/040226091246_primary_f8s17Ajeox-1024x768.webp 1024w, https:\/\/fundacionmarangatu.org\/wp-content\/uploads\/2026\/02\/040226091246_primary_f8s17Ajeox-768x576.webp 768w, https:\/\/fundacionmarangatu.org\/wp-content\/uploads\/2026\/02\/040226091246_primary_f8s17Ajeox.webp 1280w\" sizes=\"(max-width: 300px) 100vw, 300px\" \/>\n                            <\/div>\n                    <\/div><div class=\"eael-entry-wrapper\"><div class=\"eael-entry-content\">\n                                <div class=\"eael-grid-post-excerpt\"><p>Nota Revista V\u00e9rtices (2026) Fundaci\u00f3n Marangat\u00fa: Semillas, tierra y derechos...<\/p><a href=\"https:\/\/fundacionmarangatu.org\/?p=483\" class=\"eael-post-elements-readmore-btn\">Leer m\u00e1s<\/a><\/div>\n                            <\/div><div class=\"eael-entry-header-after style-two\"><div class=\"eael-entry-meta\"><span class=\"eael-meta-posted-on\"><i class=\"far fa-clock\"><\/i><time datetime=\"February 4, 2026\">February 4, 2026<\/time><\/span><\/div><\/div><\/div><\/div>\n    <\/div>\n<\/article><article class=\"eael-grid-post  eael-post-grid-column eael-pg-post-453 category-notas-de-prensa-uncategorized tags-2023-agencia-guacurari-notas-de-prensa\" data-id=\"453\">\n    <div class=\"eael-grid-post-holder\">\n        <div class=\"eael-grid-post-holder-inner\"><div class=\"eael-entry-media\"><div class=\"eael-entry-overlay fade-in\"><i class=\"fas fa-long-arrow-alt-right\" aria-hidden=\"true\"><\/i><a href=\"https:\/\/fundacionmarangatu.org\/?p=453\"><\/a><\/div><div class=\"eael-entry-thumbnail \">\n                            <img decoding=\"async\" width=\"300\" height=\"180\" src=\"https:\/\/fundacionmarangatu.org\/wp-content\/uploads\/2026\/03\/rrdd2-1000x600-1-300x180.jpg\" class=\"attachment-medium size-medium wp-image-456\" alt=\"\" srcset=\"https:\/\/fundacionmarangatu.org\/wp-content\/uploads\/2026\/03\/rrdd2-1000x600-1-300x180.jpg 300w, https:\/\/fundacionmarangatu.org\/wp-content\/uploads\/2026\/03\/rrdd2-1000x600-1-768x461.jpg 768w, https:\/\/fundacionmarangatu.org\/wp-content\/uploads\/2026\/03\/rrdd2-1000x600-1.jpg 1000w\" sizes=\"(max-width: 300px) 100vw, 300px\" \/>\n                            <\/div>\n                    <\/div><div class=\"eael-entry-wrapper\"><div class=\"eael-entry-content\">\n                                <div class=\"eael-grid-post-excerpt\"><p>Nota Agencia Guacurar\u00ed (2023) Delinean acciones a desarrollarse en la...<\/p><a href=\"https:\/\/fundacionmarangatu.org\/?p=453\" class=\"eael-post-elements-readmore-btn\">Leer m\u00e1s<\/a><\/div>\n                            <\/div><div class=\"eael-entry-header-after style-two\"><div class=\"eael-entry-meta\"><span class=\"eael-meta-posted-on\"><i class=\"far fa-clock\"><\/i><time datetime=\"March 15, 2023\">March 15, 2023<\/time><\/span><\/div><\/div><\/div><\/div>\n    <\/div>\n<\/article><article class=\"eael-grid-post  eael-post-grid-column eael-pg-post-446 category-notas-de-prensa-uncategorized tags-2022-notas-de-prensa-reporte-misiones\" data-id=\"446\">\n    <div class=\"eael-grid-post-holder\">\n        <div class=\"eael-grid-post-holder-inner\"><div class=\"eael-entry-media\"><div class=\"eael-entry-overlay fade-in\"><i class=\"fas fa-long-arrow-alt-right\" aria-hidden=\"true\"><\/i><a href=\"https:\/\/fundacionmarangatu.org\/?p=446\"><\/a><\/div><div class=\"eael-entry-thumbnail \">\n                            <img decoding=\"async\" width=\"300\" height=\"200\" src=\"https:\/\/fundacionmarangatu.org\/wp-content\/uploads\/2026\/03\/IMG-20221213-WA0055-300x200.jpg\" class=\"attachment-medium size-medium wp-image-448\" alt=\"\" srcset=\"https:\/\/fundacionmarangatu.org\/wp-content\/uploads\/2026\/03\/IMG-20221213-WA0055-300x200.jpg 300w, https:\/\/fundacionmarangatu.org\/wp-content\/uploads\/2026\/03\/IMG-20221213-WA0055-768x512.jpg 768w, https:\/\/fundacionmarangatu.org\/wp-content\/uploads\/2026\/03\/IMG-20221213-WA0055.jpg 800w\" sizes=\"(max-width: 300px) 100vw, 300px\" \/>\n                            <\/div>\n                    <\/div><div class=\"eael-entry-wrapper\"><div class=\"eael-entry-content\">\n                                <div class=\"eael-grid-post-excerpt\"><p>Nota en Reporte Misiones (2022) Fondos Verdes del Clima: presentaron...<\/p><a href=\"https:\/\/fundacionmarangatu.org\/?p=446\" class=\"eael-post-elements-readmore-btn\">Leer m\u00e1s<\/a><\/div>\n                            <\/div><div class=\"eael-entry-header-after style-two\"><div class=\"eael-entry-meta\"><span class=\"eael-meta-posted-on\"><i class=\"far fa-clock\"><\/i><time datetime=\"December 30, 2022\">December 30, 2022<\/time><\/span><\/div><\/div><\/div><\/div>\n    <\/div>\n<\/article><article class=\"eael-grid-post  eael-post-grid-column eael-pg-post-419 category-notas-de-prensa-uncategorized tags-2022-el-territorio-notas-de-prensa\" data-id=\"419\">\n    <div class=\"eael-grid-post-holder\">\n        <div class=\"eael-grid-post-holder-inner\"><div class=\"eael-entry-media\"><div class=\"eael-entry-overlay fade-in\"><i class=\"fas fa-long-arrow-alt-right\" aria-hidden=\"true\"><\/i><a href=\"https:\/\/fundacionmarangatu.org\/?p=419\"><\/a><\/div><div class=\"eael-entry-thumbnail \">\n                            <img loading=\"lazy\" decoding=\"async\" width=\"300\" height=\"169\" src=\"https:\/\/fundacionmarangatu.org\/wp-content\/uploads\/2026\/03\/portada-300x169.webp\" class=\"attachment-medium size-medium wp-image-403\" alt=\"\" srcset=\"https:\/\/fundacionmarangatu.org\/wp-content\/uploads\/2026\/03\/portada-300x169.webp 300w, https:\/\/fundacionmarangatu.org\/wp-content\/uploads\/2026\/03\/portada-768x432.webp 768w, https:\/\/fundacionmarangatu.org\/wp-content\/uploads\/2026\/03\/portada.webp 992w\" sizes=\"(max-width: 300px) 100vw, 300px\" \/>\n                            <\/div>\n                    <\/div><div class=\"eael-entry-wrapper\"><div class=\"eael-entry-content\">\n                                <div class=\"eael-grid-post-excerpt\"><p>Nota en diario El Territorio (2022)<\/p><a href=\"https:\/\/fundacionmarangatu.org\/?p=419\" class=\"eael-post-elements-readmore-btn\">Leer m\u00e1s<\/a><\/div>\n                            <\/div><div class=\"eael-entry-header-after style-two\"><div class=\"eael-entry-meta\"><span class=\"eael-meta-posted-on\"><i class=\"far fa-clock\"><\/i><time datetime=\"April 24, 2022\">April 24, 2022<\/time><\/span><\/div><\/div><\/div><\/div>\n    <\/div>\n<\/article><\/div>\n            <div class=\"clearfix\"><\/div>\n        <\/div>            <div class=\"eael-load-more-button-wrap eael-infinity-scroll\" data-offset=\"-50\">\n                <button class=\"eael-load-more-button\" id=\"eael-load-more-btn-f2ffd64\" data-widget-id=\"f2ffd64\" data-widget=\"f2ffd64\" data-page-id=\"377\" data-template=\"{&quot;dir&quot;:&quot;lite&quot;,&quot;file_name&quot;:&quot;two.php&quot;,&quot;name&quot;:&quot;Post-Grid&quot;}\" data-class=\"Essential_Addons_Elementor\\Elements\\Post_Grid\" data-layout=\"grid\" data-page=\"1\" data-args=\"orderby=date&amp;order=desc&amp;ignore_sticky_posts=1&amp;post_status=publish&amp;posts_per_page=4&amp;offset=0&amp;post_type=post\" data-max-page=\"2\">\n                    <span class=\"eael-btn-loader button__loader\"><\/span>\n                    <span class=\"eael_load_more_text\">Load More<\/span>\n                <\/button>\n            <\/div>\n            \t\t\t\t<\/div>\n\t\t\t\t<\/div>\n\t\t\t\t\t<\/div>\n\t\t\t\t<\/div>\n\t\t\t\t<\/div>\n\t\t","protected":false},"excerpt":{"rendered":"<p>Nota Revista V\u00e9rtices (2026) Fundaci\u00f3n Marangat\u00fa: Semillas, tierra y derechos&#8230; Leer m\u00e1s February 4, 2026 Nota Agencia Guacurar\u00ed (2023) Delinean acciones a desarrollarse en la&#8230; Leer m\u00e1s March 15, 2023 Nota en Reporte Misiones (2022) Fondos Verdes del Clima: presentaron&#8230; Leer m\u00e1s December 30, 2022 Nota en diario El Territorio (2022) Leer m\u00e1s April 24, [&hellip;]<\/p>\n","protected":false},"author":3,"featured_media":0,"parent":0,"menu_order":0,"comment_status":"closed","ping_status":"closed","template":"","meta":{"_eb_attr":"","footnotes":""},"class_list":["post-377","page","type-page","status-publish","hentry"],"_links":{"self":[{"href":"https:\/\/fundacionmarangatu.org\/index.php?rest_route=\/wp\/v2\/pages\/377","targetHints":{"allow":["GET"]}}],"collection":[{"href":"https:\/\/fundacionmarangatu.org\/index.php?rest_route=\/wp\/v2\/pages"}],"about":[{"href":"https:\/\/fundacionmarangatu.org\/index.php?rest_route=\/wp\/v2\/types\/page"}],"author":[{"embeddable":true,"href":"https:\/\/fundacionmarangatu.org\/index.php?rest_route=\/wp\/v2\/users\/3"}],"replies":[{"embeddable":true,"href":"https:\/\/fundacionmarangatu.org\/index.php?rest_route=%2Fwp%2Fv2%2Fcomments&post=377"}],"version-history":[{"count":15,"href":"https:\/\/fundacionmarangatu.org\/index.php?rest_route=\/wp\/v2\/pages\/377\/revisions"}],"predecessor-version":[{"id":498,"href":"https:\/\/fundacionmarangatu.org\/index.php?rest_route=\/wp\/v2\/pages\/377\/revisions\/498"}],"wp:attachment":[{"href":"https:\/\/fundacionmarangatu.org\/index.php?rest_route=%2Fwp%2Fv2%2Fmedia&parent=377"}],"curies":[{"name":"wp","href":"https:\/\/api.w.org\/{rel}","templated":true}]}}