{"id":237,"date":"2026-03-03T04:18:57","date_gmt":"2026-03-03T04:18:57","guid":{"rendered":"https:\/\/fundacionmarangatu.org\/?page_id=237"},"modified":"2026-03-09T21:23:48","modified_gmt":"2026-03-09T21:23:48","slug":"programa-semilla-ro","status":"publish","type":"page","link":"https:\/\/fundacionmarangatu.org\/?page_id=237","title":{"rendered":"Programa Semilla Ro"},"content":{"rendered":"\t\t<div data-elementor-type=\"wp-page\" data-elementor-id=\"237\" class=\"elementor elementor-237\">\n\t\t\t\t\t\t<section class=\"elementor-section elementor-top-section elementor-element elementor-element-91f8722 elementor-section-boxed elementor-section-height-default elementor-section-height-default\" data-id=\"91f8722\" data-element_type=\"section\" data-e-type=\"section\">\n\t\t\t\t\t\t<div class=\"elementor-container elementor-column-gap-default\">\n\t\t\t\t\t<div class=\"elementor-column elementor-col-100 elementor-top-column elementor-element elementor-element-18e005f\" data-id=\"18e005f\" data-element_type=\"column\" data-e-type=\"column\">\n\t\t\t<div class=\"elementor-widget-wrap elementor-element-populated\">\n\t\t\t\t\t\t<div class=\"elementor-element elementor-element-7167215 elementor-widget elementor-widget-image\" data-id=\"7167215\" data-element_type=\"widget\" data-e-type=\"widget\" data-widget_type=\"image.default\">\n\t\t\t\t<div class=\"elementor-widget-container\">\n\t\t\t\t\t\t\t\t\t\t\t\t\t\t\t<img fetchpriority=\"high\" decoding=\"async\" width=\"1168\" height=\"833\" src=\"https:\/\/fundacionmarangatu.org\/wp-content\/uploads\/2026\/03\/Avachi-041.jpg\" class=\"attachment-full size-full wp-image-254\" alt=\"\" srcset=\"https:\/\/fundacionmarangatu.org\/wp-content\/uploads\/2026\/03\/Avachi-041.jpg 1168w, https:\/\/fundacionmarangatu.org\/wp-content\/uploads\/2026\/03\/Avachi-041-300x214.jpg 300w, https:\/\/fundacionmarangatu.org\/wp-content\/uploads\/2026\/03\/Avachi-041-1024x730.jpg 1024w, https:\/\/fundacionmarangatu.org\/wp-content\/uploads\/2026\/03\/Avachi-041-768x548.jpg 768w\" sizes=\"(max-width: 1168px) 100vw, 1168px\" \/>\t\t\t\t\t\t\t\t\t\t\t\t\t\t\t<\/div>\n\t\t\t\t<\/div>\n\t\t\t\t\t<\/div>\n\t\t<\/div>\n\t\t\t\t\t<\/div>\n\t\t<\/section>\n\t\t<div class=\"elementor-element elementor-element-02b5321 e-flex e-con-boxed e-con e-parent\" data-id=\"02b5321\" data-element_type=\"container\" data-e-type=\"container\">\n\t\t\t\t\t<div class=\"e-con-inner\">\n\t\t\t\t<div class=\"elementor-element elementor-element-3d0e487 elementor-widget elementor-widget-spacer\" data-id=\"3d0e487\" data-element_type=\"widget\" data-e-type=\"widget\" data-widget_type=\"spacer.default\">\n\t\t\t\t<div class=\"elementor-widget-container\">\n\t\t\t\t\t\t\t<div class=\"elementor-spacer\">\n\t\t\t<div class=\"elementor-spacer-inner\"><\/div>\n\t\t<\/div>\n\t\t\t\t\t\t<\/div>\n\t\t\t\t<\/div>\n\t\t\t\t\t<\/div>\n\t\t\t\t<\/div>\n\t\t\t\t<section class=\"elementor-section elementor-top-section elementor-element elementor-element-7e2a053 elementor-section-boxed elementor-section-height-default elementor-section-height-default\" data-id=\"7e2a053\" data-element_type=\"section\" data-e-type=\"section\">\n\t\t\t\t\t\t<div class=\"elementor-container elementor-column-gap-default\">\n\t\t\t\t\t<div class=\"elementor-column elementor-col-100 elementor-top-column elementor-element elementor-element-ff2d7a6\" data-id=\"ff2d7a6\" data-element_type=\"column\" data-e-type=\"column\">\n\t\t\t<div class=\"elementor-widget-wrap elementor-element-populated\">\n\t\t\t\t\t\t<div class=\"elementor-element elementor-element-9738efb elementor-widget elementor-widget-heading\" data-id=\"9738efb\" data-element_type=\"widget\" data-e-type=\"widget\" data-widget_type=\"heading.default\">\n\t\t\t\t<div class=\"elementor-widget-container\">\n\t\t\t\t\t<h2 class=\"elementor-heading-title elementor-size-default\">Semilla R\u00f3<\/h2>\t\t\t\t<\/div>\n\t\t\t\t<\/div>\n\t\t\t\t\t<\/div>\n\t\t<\/div>\n\t\t\t\t\t<\/div>\n\t\t<\/section>\n\t\t\t\t<section class=\"elementor-section elementor-top-section elementor-element elementor-element-d2b044e elementor-section-boxed elementor-section-height-default elementor-section-height-default\" data-id=\"d2b044e\" data-element_type=\"section\" data-e-type=\"section\">\n\t\t\t\t\t\t<div class=\"elementor-container elementor-column-gap-default\">\n\t\t\t\t\t<div class=\"elementor-column elementor-col-100 elementor-top-column elementor-element elementor-element-db957d6\" data-id=\"db957d6\" data-element_type=\"column\" data-e-type=\"column\">\n\t\t\t<div class=\"elementor-widget-wrap elementor-element-populated\">\n\t\t\t\t\t\t<div class=\"elementor-element elementor-element-b3ec1dd elementor-widget elementor-widget-heading\" data-id=\"b3ec1dd\" data-element_type=\"widget\" data-e-type=\"widget\" data-widget_type=\"heading.default\">\n\t\t\t\t<div class=\"elementor-widget-container\">\n\t\t\t\t\t<h4 class=\"elementor-heading-title elementor-size-default\">\u201cCasa comunal de semillas originarias\u201d<\/h4>\t\t\t\t<\/div>\n\t\t\t\t<\/div>\n\t\t\t\t\t<\/div>\n\t\t<\/div>\n\t\t\t\t\t<\/div>\n\t\t<\/section>\n\t\t\t\t<section class=\"elementor-section elementor-top-section elementor-element elementor-element-a8cf9fe elementor-section-boxed elementor-section-height-default elementor-section-height-default\" data-id=\"a8cf9fe\" data-element_type=\"section\" data-e-type=\"section\">\n\t\t\t\t\t\t<div class=\"elementor-container elementor-column-gap-default\">\n\t\t\t\t\t<div class=\"elementor-column elementor-col-50 elementor-top-column elementor-element elementor-element-0a14df6\" data-id=\"0a14df6\" data-element_type=\"column\" data-e-type=\"column\">\n\t\t\t<div class=\"elementor-widget-wrap elementor-element-populated\">\n\t\t\t\t\t\t<div class=\"elementor-element elementor-element-645e0b8 elementor-widget elementor-widget-text-editor\" data-id=\"645e0b8\" data-element_type=\"widget\" data-e-type=\"widget\" data-widget_type=\"text-editor.default\">\n\t\t\t\t<div class=\"elementor-widget-container\">\n\t\t\t\t\t\t\t\t\t<p><em>Semilla R\u00f3<\/em> es una iniciativa orientada a la recuperaci\u00f3n y el fortalecimiento de las semillas originarias del Pueblo Mbya Guaran\u00ed, como estrategia para reafirmar la identidad cultural y contribuir a la soberan\u00eda alimentaria y al estado nutricional de las comunidades.<\/p><p>El proyecto promueve el consumo y la valoraci\u00f3n de alimentos de alto valor cultural, espiritual y nutritivo, fundamentales para la preservaci\u00f3n de los conocimientos tradicionales y de la identidad colectiva como pueblo.<\/p><p>\u00a0<\/p>\t\t\t\t\t\t\t\t<\/div>\n\t\t\t\t<\/div>\n\t\t\t\t\t<\/div>\n\t\t<\/div>\n\t\t\t\t<div class=\"elementor-column elementor-col-50 elementor-top-column elementor-element elementor-element-b2284bf\" data-id=\"b2284bf\" data-element_type=\"column\" data-e-type=\"column\">\n\t\t\t<div class=\"elementor-widget-wrap elementor-element-populated\">\n\t\t\t\t\t\t<div class=\"elementor-element elementor-element-6c9daf4 elementor-widget elementor-widget-text-editor\" data-id=\"6c9daf4\" data-element_type=\"widget\" data-e-type=\"widget\" data-widget_type=\"text-editor.default\">\n\t\t\t\t<div class=\"elementor-widget-container\">\n\t\t\t\t\t\t\t\t\t<p>El fortalecimiento de este proceso se sostiene a trav\u00e9s de dos ejes principales:<\/p><p><strong>Casa comunal de semillas originarias<em> Semilla R\u00f3<\/em><\/strong><\/p><p>\u00a0Espacio destinado al resguardo, conservaci\u00f3n y gesti\u00f3n comunitaria de semillas originarias. Las semillas son distribuidas de manera gratuita a las familias guaran\u00edes en \u00e9pocas de siembra, bajo un modelo alternativo de administraci\u00f3n colectiva y comunitaria.<\/p><p><strong>Semillero y guardianes de semillas<\/strong><\/p><p>Integrantes de las comunidades encargados de desarrollar chacras demostrativas para la producci\u00f3n, multiplicaci\u00f3n y cuidado de semillas originarias, que abastecen a la casa comunal y fortalecen la transmisi\u00f3n intergeneracional de saberes.<\/p>\t\t\t\t\t\t\t\t<\/div>\n\t\t\t\t<\/div>\n\t\t\t\t\t<\/div>\n\t\t<\/div>\n\t\t\t\t\t<\/div>\n\t\t<\/section>\n\t\t<div class=\"elementor-element elementor-element-c928d9b e-flex e-con-boxed e-con e-parent\" data-id=\"c928d9b\" data-element_type=\"container\" data-e-type=\"container\">\n\t\t\t\t\t<div class=\"e-con-inner\">\n\t\t\t\t<div class=\"elementor-element elementor-element-f601e04 elementor-arrows-position-inside elementor-pagination-position-outside elementor-widget elementor-widget-image-carousel\" data-id=\"f601e04\" data-element_type=\"widget\" data-e-type=\"widget\" data-settings=\"{&quot;slides_to_show&quot;:&quot;1&quot;,&quot;navigation&quot;:&quot;both&quot;,&quot;autoplay&quot;:&quot;yes&quot;,&quot;pause_on_hover&quot;:&quot;yes&quot;,&quot;pause_on_interaction&quot;:&quot;yes&quot;,&quot;autoplay_speed&quot;:5000,&quot;infinite&quot;:&quot;yes&quot;,&quot;effect&quot;:&quot;slide&quot;,&quot;speed&quot;:500}\" data-widget_type=\"image-carousel.default\">\n\t\t\t\t<div class=\"elementor-widget-container\">\n\t\t\t\t\t\t\t<div class=\"elementor-image-carousel-wrapper swiper\" role=\"region\" aria-roledescription=\"carousel\" aria-label=\"Image Carousel\" dir=\"ltr\">\n\t\t\t<div class=\"elementor-image-carousel swiper-wrapper\" aria-live=\"off\">\n\t\t\t\t\t\t\t\t<div class=\"swiper-slide\" role=\"group\" aria-roledescription=\"slide\" aria-label=\"1 of 12\"><figure class=\"swiper-slide-inner\"><img decoding=\"async\" class=\"swiper-slide-image\" src=\"https:\/\/fundacionmarangatu.org\/wp-content\/uploads\/2026\/03\/IMG_0233-768x512.jpg\" alt=\"IMG_0233\" \/><\/figure><\/div><div class=\"swiper-slide\" role=\"group\" aria-roledescription=\"slide\" aria-label=\"2 of 12\"><figure class=\"swiper-slide-inner\"><img decoding=\"async\" class=\"swiper-slide-image\" src=\"https:\/\/fundacionmarangatu.org\/wp-content\/uploads\/2026\/03\/IMG_0202-768x512.jpg\" alt=\"IMG_0202\" \/><\/figure><\/div><div class=\"swiper-slide\" role=\"group\" aria-roledescription=\"slide\" aria-label=\"3 of 12\"><figure class=\"swiper-slide-inner\"><img decoding=\"async\" class=\"swiper-slide-image\" src=\"https:\/\/fundacionmarangatu.org\/wp-content\/uploads\/2026\/03\/Avachi-054-768x512.jpg\" alt=\"Avach\u00ed 054\" \/><\/figure><\/div><div class=\"swiper-slide\" role=\"group\" aria-roledescription=\"slide\" aria-label=\"4 of 12\"><figure class=\"swiper-slide-inner\"><img decoding=\"async\" class=\"swiper-slide-image\" src=\"https:\/\/fundacionmarangatu.org\/wp-content\/uploads\/2026\/03\/Avachi-Mbya-768x512.jpg\" alt=\"Avach\u00ed Mbya\" \/><\/figure><\/div><div class=\"swiper-slide\" role=\"group\" aria-roledescription=\"slide\" aria-label=\"5 of 12\"><figure class=\"swiper-slide-inner\"><img decoding=\"async\" class=\"swiper-slide-image\" src=\"https:\/\/fundacionmarangatu.org\/wp-content\/uploads\/2026\/03\/IMG_0101-768x512.jpg\" alt=\"IMG_0101\" \/><\/figure><\/div><div class=\"swiper-slide\" role=\"group\" aria-roledescription=\"slide\" aria-label=\"6 of 12\"><figure class=\"swiper-slide-inner\"><img decoding=\"async\" class=\"swiper-slide-image\" src=\"https:\/\/fundacionmarangatu.org\/wp-content\/uploads\/2026\/03\/Avachi-070-768x512.jpg\" alt=\"Avach\u00ed 070\" \/><\/figure><\/div><div class=\"swiper-slide\" role=\"group\" aria-roledescription=\"slide\" aria-label=\"7 of 12\"><figure class=\"swiper-slide-inner\"><img decoding=\"async\" class=\"swiper-slide-image\" src=\"https:\/\/fundacionmarangatu.org\/wp-content\/uploads\/2026\/03\/IMG_0069-768x512.jpg\" alt=\"IMG_0069\" \/><\/figure><\/div><div class=\"swiper-slide\" role=\"group\" aria-roledescription=\"slide\" aria-label=\"8 of 12\"><figure class=\"swiper-slide-inner\"><img decoding=\"async\" class=\"swiper-slide-image\" src=\"https:\/\/fundacionmarangatu.org\/wp-content\/uploads\/2026\/03\/IMG_0113-768x512.jpg\" alt=\"IMG_0113\" \/><\/figure><\/div><div class=\"swiper-slide\" role=\"group\" aria-roledescription=\"slide\" aria-label=\"9 of 12\"><figure class=\"swiper-slide-inner\"><img decoding=\"async\" class=\"swiper-slide-image\" src=\"https:\/\/fundacionmarangatu.org\/wp-content\/uploads\/2026\/03\/IMG_0267-768x512.jpg\" alt=\"IMG_0267\" \/><\/figure><\/div><div class=\"swiper-slide\" role=\"group\" aria-roledescription=\"slide\" aria-label=\"10 of 12\"><figure class=\"swiper-slide-inner\"><img decoding=\"async\" class=\"swiper-slide-image\" src=\"https:\/\/fundacionmarangatu.org\/wp-content\/uploads\/2026\/03\/IMG_0425-768x512.jpg\" alt=\"IMG_0425\" \/><\/figure><\/div><div class=\"swiper-slide\" role=\"group\" aria-roledescription=\"slide\" aria-label=\"11 of 12\"><figure class=\"swiper-slide-inner\"><img decoding=\"async\" class=\"swiper-slide-image\" src=\"https:\/\/fundacionmarangatu.org\/wp-content\/uploads\/2026\/03\/IMG_0427-768x512.jpg\" alt=\"IMG_0427\" \/><\/figure><\/div><div class=\"swiper-slide\" role=\"group\" aria-roledescription=\"slide\" aria-label=\"12 of 12\"><figure class=\"swiper-slide-inner\"><img decoding=\"async\" class=\"swiper-slide-image\" src=\"https:\/\/fundacionmarangatu.org\/wp-content\/uploads\/2026\/03\/IMG_0475-768x512.jpg\" alt=\"IMG_0475\" \/><\/figure><\/div>\t\t\t<\/div>\n\t\t\t\t\t\t\t\t\t\t\t\t<div class=\"elementor-swiper-button elementor-swiper-button-prev\" role=\"button\" tabindex=\"0\">\n\t\t\t\t\t\t<i aria-hidden=\"true\" class=\"eicon-chevron-left\"><\/i>\t\t\t\t\t<\/div>\n\t\t\t\t\t<div class=\"elementor-swiper-button elementor-swiper-button-next\" role=\"button\" tabindex=\"0\">\n\t\t\t\t\t\t<i aria-hidden=\"true\" class=\"eicon-chevron-right\"><\/i>\t\t\t\t\t<\/div>\n\t\t\t\t\n\t\t\t\t\t\t\t\t\t<div class=\"swiper-pagination\"><\/div>\n\t\t\t\t\t\t\t\t\t<\/div>\n\t\t\t\t\t\t<\/div>\n\t\t\t\t<\/div>\n\t\t\t\t\t<\/div>\n\t\t\t\t<\/div>\n\t\t\t\t<\/div>\n\t\t","protected":false},"excerpt":{"rendered":"<p>Semilla R\u00f3 \u201cCasa comunal de semillas originarias\u201d Semilla R\u00f3 es una iniciativa orientada a la recuperaci\u00f3n y el fortalecimiento de las semillas originarias del Pueblo Mbya Guaran\u00ed, como estrategia para reafirmar la identidad cultural y contribuir a la soberan\u00eda alimentaria y al estado nutricional de las comunidades. El proyecto promueve el consumo y la valoraci\u00f3n [&hellip;]<\/p>\n","protected":false},"author":3,"featured_media":0,"parent":0,"menu_order":0,"comment_status":"closed","ping_status":"closed","template":"","meta":{"_eb_attr":"","footnotes":""},"class_list":["post-237","page","type-page","status-publish","hentry"],"_links":{"self":[{"href":"https:\/\/fundacionmarangatu.org\/index.php?rest_route=\/wp\/v2\/pages\/237","targetHints":{"allow":["GET"]}}],"collection":[{"href":"https:\/\/fundacionmarangatu.org\/index.php?rest_route=\/wp\/v2\/pages"}],"about":[{"href":"https:\/\/fundacionmarangatu.org\/index.php?rest_route=\/wp\/v2\/types\/page"}],"author":[{"embeddable":true,"href":"https:\/\/fundacionmarangatu.org\/index.php?rest_route=\/wp\/v2\/users\/3"}],"replies":[{"embeddable":true,"href":"https:\/\/fundacionmarangatu.org\/index.php?rest_route=%2Fwp%2Fv2%2Fcomments&post=237"}],"version-history":[{"count":7,"href":"https:\/\/fundacionmarangatu.org\/index.php?rest_route=\/wp\/v2\/pages\/237\/revisions"}],"predecessor-version":[{"id":361,"href":"https:\/\/fundacionmarangatu.org\/index.php?rest_route=\/wp\/v2\/pages\/237\/revisions\/361"}],"wp:attachment":[{"href":"https:\/\/fundacionmarangatu.org\/index.php?rest_route=%2Fwp%2Fv2%2Fmedia&parent=237"}],"curies":[{"name":"wp","href":"https:\/\/api.w.org\/{rel}","templated":true}]}}