{"id":18,"date":"2023-04-03T02:35:28","date_gmt":"2023-04-03T02:35:28","guid":{"rendered":"https:\/\/fundacionmarangatu.org\/?page_id=18"},"modified":"2026-03-13T22:50:18","modified_gmt":"2026-03-13T22:50:18","slug":"contacto","status":"publish","type":"page","link":"https:\/\/fundacionmarangatu.org\/?page_id=18","title":{"rendered":"Contacto"},"content":{"rendered":"\t\t<div data-elementor-type=\"wp-page\" data-elementor-id=\"18\" class=\"elementor elementor-18\">\n\t\t\t\t\t\t<section class=\"elementor-section elementor-top-section elementor-element elementor-element-426ed55 elementor-section-boxed elementor-section-height-default elementor-section-height-default\" data-id=\"426ed55\" data-element_type=\"section\" data-e-type=\"section\">\n\t\t\t\t\t\t<div class=\"elementor-container elementor-column-gap-default\">\n\t\t\t\t\t<div class=\"elementor-column elementor-col-100 elementor-top-column elementor-element elementor-element-2614f1c\" data-id=\"2614f1c\" data-element_type=\"column\" data-e-type=\"column\">\n\t\t\t<div class=\"elementor-widget-wrap elementor-element-populated\">\n\t\t\t\t\t\t<div class=\"elementor-element elementor-element-e8bd3fe elementor-widget elementor-widget-heading\" data-id=\"e8bd3fe\" data-element_type=\"widget\" data-e-type=\"widget\" data-widget_type=\"heading.default\">\n\t\t\t\t<div class=\"elementor-widget-container\">\n\t\t\t\t\t<h2 class=\"elementor-heading-title elementor-size-default\">Contacto<\/h2>\t\t\t\t<\/div>\n\t\t\t\t<\/div>\n\t\t\t\t\t<\/div>\n\t\t<\/div>\n\t\t\t\t\t<\/div>\n\t\t<\/section>\n\t\t<div class=\"elementor-element elementor-element-032e285 e-grid e-con-boxed e-con e-parent\" data-id=\"032e285\" data-element_type=\"container\" data-e-type=\"container\">\n\t\t\t\t\t<div class=\"e-con-inner\">\n\t\t\t\t<div class=\"elementor-element elementor-element-0627365 elementor-position-top elementor-widget elementor-widget-image-box\" data-id=\"0627365\" data-element_type=\"widget\" data-e-type=\"widget\" data-widget_type=\"image-box.default\">\n\t\t\t\t<div class=\"elementor-widget-container\">\n\t\t\t\t\t<div class=\"elementor-image-box-wrapper\"><figure class=\"elementor-image-box-img\"><img fetchpriority=\"high\" decoding=\"async\" width=\"300\" height=\"225\" src=\"https:\/\/fundacionmarangatu.org\/wp-content\/uploads\/2026\/03\/Imagen-de-la-Sede-300x225.jpeg\" class=\"attachment-medium size-medium wp-image-335\" alt=\"\" srcset=\"https:\/\/fundacionmarangatu.org\/wp-content\/uploads\/2026\/03\/Imagen-de-la-Sede-300x225.jpeg 300w, https:\/\/fundacionmarangatu.org\/wp-content\/uploads\/2026\/03\/Imagen-de-la-Sede-1024x768.jpeg 1024w, https:\/\/fundacionmarangatu.org\/wp-content\/uploads\/2026\/03\/Imagen-de-la-Sede-768x576.jpeg 768w, https:\/\/fundacionmarangatu.org\/wp-content\/uploads\/2026\/03\/Imagen-de-la-Sede.jpeg 1280w\" sizes=\"(max-width: 300px) 100vw, 300px\" \/><\/figure><div class=\"elementor-image-box-content\"><h3 class=\"elementor-image-box-title\">Sede Social<\/h3><p class=\"elementor-image-box-description\">Chacra 122\n\nAsociaci\u00f3n Bancaria\n\nEdif B1, Dpto D2, PB<\/p><\/div><\/div>\t\t\t\t<\/div>\n\t\t\t\t<\/div>\n\t\t\t\t<div class=\"elementor-element elementor-element-5b51028 elementor-position-top elementor-widget elementor-widget-image-box\" data-id=\"5b51028\" data-element_type=\"widget\" data-e-type=\"widget\" data-widget_type=\"image-box.default\">\n\t\t\t\t<div class=\"elementor-widget-container\">\n\t\t\t\t\t<div class=\"elementor-image-box-wrapper\"><figure class=\"elementor-image-box-img\"><img decoding=\"async\" width=\"768\" height=\"512\" src=\"https:\/\/fundacionmarangatu.org\/wp-content\/uploads\/2026\/03\/IMG_0017-768x512.jpg\" class=\"attachment-medium_large size-medium_large wp-image-336\" alt=\"\" srcset=\"https:\/\/fundacionmarangatu.org\/wp-content\/uploads\/2026\/03\/IMG_0017-768x512.jpg 768w, https:\/\/fundacionmarangatu.org\/wp-content\/uploads\/2026\/03\/IMG_0017-300x200.jpg 300w, https:\/\/fundacionmarangatu.org\/wp-content\/uploads\/2026\/03\/IMG_0017-1024x683.jpg 1024w, https:\/\/fundacionmarangatu.org\/wp-content\/uploads\/2026\/03\/IMG_0017.jpg 1296w\" sizes=\"(max-width: 768px) 100vw, 768px\" \/><\/figure><div class=\"elementor-image-box-content\"><h3 class=\"elementor-image-box-title\">Sede Fiscal<\/h3><p class=\"elementor-image-box-description\">Tucum\u00e1n 424<\/p><\/div><\/div>\t\t\t\t<\/div>\n\t\t\t\t<\/div>\n\t\t\t\t<div class=\"elementor-element elementor-element-e886b9a elementor-position-top elementor-widget elementor-widget-image-box\" data-id=\"e886b9a\" data-element_type=\"widget\" data-e-type=\"widget\" data-widget_type=\"image-box.default\">\n\t\t\t\t<div class=\"elementor-widget-container\">\n\t\t\t\t\t<div class=\"elementor-image-box-wrapper\"><figure class=\"elementor-image-box-img\"><img decoding=\"async\" width=\"768\" height=\"512\" src=\"https:\/\/fundacionmarangatu.org\/wp-content\/uploads\/2026\/03\/Firma-convenio-en-la-Sede-campo-experiemntal-768x512.jpg\" class=\"attachment-medium_large size-medium_large wp-image-334\" alt=\"\" srcset=\"https:\/\/fundacionmarangatu.org\/wp-content\/uploads\/2026\/03\/Firma-convenio-en-la-Sede-campo-experiemntal-768x512.jpg 768w, https:\/\/fundacionmarangatu.org\/wp-content\/uploads\/2026\/03\/Firma-convenio-en-la-Sede-campo-experiemntal-300x200.jpg 300w, https:\/\/fundacionmarangatu.org\/wp-content\/uploads\/2026\/03\/Firma-convenio-en-la-Sede-campo-experiemntal-1024x683.jpg 1024w, https:\/\/fundacionmarangatu.org\/wp-content\/uploads\/2026\/03\/Firma-convenio-en-la-Sede-campo-experiemntal.jpg 1296w\" sizes=\"(max-width: 768px) 100vw, 768px\" \/><\/figure><div class=\"elementor-image-box-content\"><h3 class=\"elementor-image-box-title\">Sede Experimental<\/h3><p class=\"elementor-image-box-description\">Comunidad Guaran\u00ed Yvy Por\u00e2 Marangatu\nLocalidad de M\u00e1rtires<\/p><\/div><\/div>\t\t\t\t<\/div>\n\t\t\t\t<\/div>\n\t\t\t\t\t<\/div>\n\t\t\t\t<\/div>\n\t\t\t\t<section class=\"elementor-section elementor-top-section elementor-element elementor-element-b42caa7 elementor-section-boxed elementor-section-height-default elementor-section-height-default\" data-id=\"b42caa7\" data-element_type=\"section\" data-e-type=\"section\">\n\t\t\t\t\t\t<div class=\"elementor-container elementor-column-gap-default\">\n\t\t\t\t\t<div class=\"elementor-column elementor-col-100 elementor-top-column elementor-element elementor-element-2680f37\" data-id=\"2680f37\" data-element_type=\"column\" data-e-type=\"column\">\n\t\t\t<div class=\"elementor-widget-wrap elementor-element-populated\">\n\t\t\t\t\t\t<div class=\"elementor-element elementor-element-f08b762 elementor-widget elementor-widget-spacer\" data-id=\"f08b762\" data-element_type=\"widget\" data-e-type=\"widget\" data-widget_type=\"spacer.default\">\n\t\t\t\t<div class=\"elementor-widget-container\">\n\t\t\t\t\t\t\t<div class=\"elementor-spacer\">\n\t\t\t<div class=\"elementor-spacer-inner\"><\/div>\n\t\t<\/div>\n\t\t\t\t\t\t<\/div>\n\t\t\t\t<\/div>\n\t\t\t\t\t<\/div>\n\t\t<\/div>\n\t\t\t\t\t<\/div>\n\t\t<\/section>\n\t\t<div class=\"elementor-element elementor-element-ebfa722 e-grid e-con-boxed e-con e-parent\" data-id=\"ebfa722\" data-element_type=\"container\" data-e-type=\"container\">\n\t\t\t\t\t<div class=\"e-con-inner\">\n\t\t\t\t<div class=\"elementor-element elementor-element-a1b290a elementor-widget elementor-widget-text-editor\" data-id=\"a1b290a\" data-element_type=\"widget\" data-e-type=\"widget\" data-widget_type=\"text-editor.default\">\n\t\t\t\t<div class=\"elementor-widget-container\">\n\t\t\t\t\t\t\t\t\t<div class=\"paragraph-bigger\" data-w-id=\"016410b9-f46c-d5d0-c671-ed1d7aa23d8e\" data-wf-id=\"[&quot;016410b9-f46c-d5d0-c671-ed1d7aa23d8e&quot;]\">Redes<\/div><div class=\"paragraph-bigger\" data-w-id=\"016410b9-f46c-d5d0-c671-ed1d7aa23d8e\" data-wf-id=\"[&quot;016410b9-f46c-d5d0-c671-ed1d7aa23d8e&quot;]\"><a href=\"https:\/\/www.instagram.com\/fundacionmarangatu\/\">@fundacionmarangatu<\/a><\/div><div class=\"paragraph-tiny cc-paragraph-tiny-light\" data-w-id=\"016410b9-f46c-d5d0-c671-ed1d7aa23d93\" data-wf-id=\"[&quot;016410b9-f46c-d5d0-c671-ed1d7aa23d93&quot;]\">Instagram, Facebook<\/div>\t\t\t\t\t\t\t\t<\/div>\n\t\t\t\t<\/div>\n\t\t\t\t<div class=\"elementor-element elementor-element-0d53403 elementor-widget elementor-widget-text-editor\" data-id=\"0d53403\" data-element_type=\"widget\" data-e-type=\"widget\" data-widget_type=\"text-editor.default\">\n\t\t\t\t<div class=\"elementor-widget-container\">\n\t\t\t\t\t\t\t\t\t<p>Whatsapp<br \/><a href=\"https:\/\/wa.me\/5493764250919\">+54 9 3764 25-0919<\/a><\/p>\t\t\t\t\t\t\t\t<\/div>\n\t\t\t\t<\/div>\n\t\t\t\t<div class=\"elementor-element elementor-element-973b450 elementor-widget elementor-widget-text-editor\" data-id=\"973b450\" data-element_type=\"widget\" data-e-type=\"widget\" data-widget_type=\"text-editor.default\">\n\t\t\t\t<div class=\"elementor-widget-container\">\n\t\t\t\t\t\t\t\t\t<div class=\"paragraph-bigger\" data-w-id=\"016410b9-f46c-d5d0-c671-ed1d7aa23da0\" data-wf-id=\"[&quot;016410b9-f46c-d5d0-c671-ed1d7aa23da0&quot;]\">Email<br \/><a class=\"support-link\" href=\"mailto:fundacionmarangatu@gmail.com?subject=Consulta%20Web%20\" data-w-id=\"016410b9-f46c-d5d0-c671-ed1d7aa23da2\" data-wf-id=\"[&quot;016410b9-f46c-d5d0-c671-ed1d7aa23da2&quot;]\">fundacionmarangatu@gmail.com<\/a><\/div>\t\t\t\t\t\t\t\t<\/div>\n\t\t\t\t<\/div>\n\t\t\t\t\t<\/div>\n\t\t\t\t<\/div>\n\t\t\t\t<\/div>\n\t\t","protected":false},"excerpt":{"rendered":"<p>Contacto Sede Social Chacra 122 Asociaci\u00f3n Bancaria Edif B1, Dpto D2, PB Sede Fiscal Tucum\u00e1n 424 Sede Experimental Comunidad Guaran\u00ed Yvy Por\u00e2 Marangatu Localidad de M\u00e1rtires Redes@fundacionmarangatuInstagram, Facebook Whatsapp+54 9 3764 25-0919 Emailfundacionmarangatu@gmail.com<\/p>\n","protected":false},"author":3,"featured_media":0,"parent":0,"menu_order":0,"comment_status":"closed","ping_status":"closed","template":"","meta":{"_eb_attr":"","footnotes":""},"class_list":["post-18","page","type-page","status-publish","hentry"],"_links":{"self":[{"href":"https:\/\/fundacionmarangatu.org\/index.php?rest_route=\/wp\/v2\/pages\/18","targetHints":{"allow":["GET"]}}],"collection":[{"href":"https:\/\/fundacionmarangatu.org\/index.php?rest_route=\/wp\/v2\/pages"}],"about":[{"href":"https:\/\/fundacionmarangatu.org\/index.php?rest_route=\/wp\/v2\/types\/page"}],"author":[{"embeddable":true,"href":"https:\/\/fundacionmarangatu.org\/index.php?rest_route=\/wp\/v2\/users\/3"}],"replies":[{"embeddable":true,"href":"https:\/\/fundacionmarangatu.org\/index.php?rest_route=%2Fwp%2Fv2%2Fcomments&post=18"}],"version-history":[{"count":27,"href":"https:\/\/fundacionmarangatu.org\/index.php?rest_route=\/wp\/v2\/pages\/18\/revisions"}],"predecessor-version":[{"id":494,"href":"https:\/\/fundacionmarangatu.org\/index.php?rest_route=\/wp\/v2\/pages\/18\/revisions\/494"}],"wp:attachment":[{"href":"https:\/\/fundacionmarangatu.org\/index.php?rest_route=%2Fwp%2Fv2%2Fmedia&parent=18"}],"curies":[{"name":"wp","href":"https:\/\/api.w.org\/{rel}","templated":true}]}}