{"id":14,"date":"2023-04-03T02:35:28","date_gmt":"2023-04-03T02:35:28","guid":{"rendered":"https:\/\/fundacionmarangatu.org\/?page_id=14"},"modified":"2026-03-13T22:28:06","modified_gmt":"2026-03-13T22:28:06","slug":"marangatu","status":"publish","type":"page","link":"https:\/\/fundacionmarangatu.org\/?page_id=14","title":{"rendered":"Quienes somos"},"content":{"rendered":"\t\t<div data-elementor-type=\"wp-page\" data-elementor-id=\"14\" class=\"elementor elementor-14\">\n\t\t\t\t\t\t<section class=\"elementor-section elementor-top-section elementor-element elementor-element-6b36169 elementor-section-boxed elementor-section-height-default elementor-section-height-default\" data-id=\"6b36169\" data-element_type=\"section\" data-e-type=\"section\">\n\t\t\t\t\t\t<div class=\"elementor-container elementor-column-gap-default\">\n\t\t\t\t\t<div class=\"elementor-column elementor-col-100 elementor-top-column elementor-element elementor-element-145988c\" data-id=\"145988c\" data-element_type=\"column\" data-e-type=\"column\">\n\t\t\t<div class=\"elementor-widget-wrap elementor-element-populated\">\n\t\t\t\t\t\t<div class=\"elementor-element elementor-element-bbef6ac elementor-widget elementor-widget-image\" data-id=\"bbef6ac\" data-element_type=\"widget\" data-e-type=\"widget\" data-widget_type=\"image.default\">\n\t\t\t\t<div class=\"elementor-widget-container\">\n\t\t\t\t\t\t\t\t\t\t\t\t\t\t\t<img fetchpriority=\"high\" decoding=\"async\" width=\"1024\" height=\"683\" src=\"https:\/\/fundacionmarangatu.org\/wp-content\/uploads\/2026\/03\/IMG_00731-1024x683.jpg\" class=\"attachment-large size-large wp-image-228\" alt=\"\" srcset=\"https:\/\/fundacionmarangatu.org\/wp-content\/uploads\/2026\/03\/IMG_00731-1024x683.jpg 1024w, https:\/\/fundacionmarangatu.org\/wp-content\/uploads\/2026\/03\/IMG_00731-300x200.jpg 300w, https:\/\/fundacionmarangatu.org\/wp-content\/uploads\/2026\/03\/IMG_00731-768x512.jpg 768w, https:\/\/fundacionmarangatu.org\/wp-content\/uploads\/2026\/03\/IMG_00731.jpg 1296w\" sizes=\"(max-width: 1024px) 100vw, 1024px\" \/>\t\t\t\t\t\t\t\t\t\t\t\t\t\t\t<\/div>\n\t\t\t\t<\/div>\n\t\t\t\t\t<\/div>\n\t\t<\/div>\n\t\t\t\t\t<\/div>\n\t\t<\/section>\n\t\t\t\t<section class=\"elementor-section elementor-top-section elementor-element elementor-element-eea36e6 elementor-section-boxed elementor-section-height-default elementor-section-height-default\" data-id=\"eea36e6\" data-element_type=\"section\" data-e-type=\"section\">\n\t\t\t\t\t\t<div class=\"elementor-container elementor-column-gap-default\">\n\t\t\t\t\t<div class=\"elementor-column elementor-col-50 elementor-top-column elementor-element elementor-element-5a7f8d3\" data-id=\"5a7f8d3\" data-element_type=\"column\" data-e-type=\"column\">\n\t\t\t<div class=\"elementor-widget-wrap elementor-element-populated\">\n\t\t\t\t\t\t<div class=\"elementor-element elementor-element-16ff142 elementor-widget elementor-widget-text-editor\" data-id=\"16ff142\" data-element_type=\"widget\" data-e-type=\"widget\" data-widget_type=\"text-editor.default\">\n\t\t\t\t<div class=\"elementor-widget-container\">\n\t\t\t\t\t\t\t\t\t<h2>Quienes somos<\/h2><p>La Fundaci\u00f3n Marangatu est\u00e1 conformada por un equipo interdisciplinario e intercultural, integrado de manera equitativa por integrantes de las tekoa guaran\u00ed de la provincia de Misiones y por personas no ind\u00edgenas con trayectoria en el acompa\u00f1amiento de procesos comunitarios y en la defensa de los derechos de los pueblos originarios.<\/p><p>Nuestro trabajo se construye a partir de pr\u00e1cticas colectivas y consensuadas, que combinan el conocimiento territorial, los saberes comunitarios y el intercambio con otros actores sociales e institucionales. Desde este enfoque, impulsamos espacios de reflexi\u00f3n y acci\u00f3n conjunta orientados al desarrollo sociocomunitario del Pueblo Guaran\u00ed.<\/p><p>Entendemos la participaci\u00f3n como un eje central de nuestro trabajo. Por ello, promovemos que las comunidades guaran\u00edes ejerzan un rol protag\u00f3nico en los espacios donde se debaten, dise\u00f1an e implementan pol\u00edticas ind\u00edgenas a nivel local y regional.<\/p><p><strong>Equidad de g\u00e9nero y empoderamiento<\/strong>Acciones orientadas al fortalecimiento del liderazgo de mujeres guaran\u00edes como actoras clave en la vida social y pol\u00edtica de las <em>tekoa<\/em>, promoviendo espacios de participaci\u00f3n plena y toma de decisiones.<\/p><h2><strong>Qu\u00e9 nos proponemos<\/strong><\/h2><p>Impulsar procesos comunitarios que fortalezcan la autonom\u00eda y la organizaci\u00f3n colectiva del Pueblo Guaran\u00ed de Misiones, promoviendo el desarrollo humano integral y el ejercicio efectivo de derechos individuales y colectivos en el territorio.<\/p><p>Trabajamos para contribuir a un escenario en el que las comunidades guaran\u00edes sean protagonistas de la construcci\u00f3n de su presente y su futuro, con participaci\u00f3n activa y voz propia en los espacios de decisi\u00f3n y en la definici\u00f3n de pol\u00edticas p\u00fablicas que las involucran, desde una perspectiva de justicia social, equidad e interculturalidad.<\/p><p>A trav\u00e9s del trabajo territorial, la articulaci\u00f3n de saberes y la construcci\u00f3n de alianzas estrat\u00e9gicas, buscamos acompa\u00f1ar procesos que consoliden la soberan\u00eda econ\u00f3mica, pol\u00edtica y sociocultural de las comunidades, respetando sus tiempos, sus prioridades y sus proyectos colectivos.<img decoding=\"async\" class=\"wp-image-146 size-large aligncenter\" src=\"https:\/\/fundacionmarangatu.org\/wp-content\/uploads\/2023\/07\/colibri-solo-1024x998.png\" alt=\"\" width=\"1024\" height=\"998\" srcset=\"https:\/\/fundacionmarangatu.org\/wp-content\/uploads\/2023\/07\/colibri-solo-1024x998.png 1024w, https:\/\/fundacionmarangatu.org\/wp-content\/uploads\/2023\/07\/colibri-solo-300x292.png 300w, https:\/\/fundacionmarangatu.org\/wp-content\/uploads\/2023\/07\/colibri-solo-768x748.png 768w, https:\/\/fundacionmarangatu.org\/wp-content\/uploads\/2023\/07\/colibri-solo.png 1240w\" sizes=\"(max-width: 1024px) 100vw, 1024px\" \/><\/p>\t\t\t\t\t\t\t\t<\/div>\n\t\t\t\t<\/div>\n\t\t\t\t\t<\/div>\n\t\t<\/div>\n\t\t\t\t<div class=\"elementor-column elementor-col-50 elementor-top-column elementor-element elementor-element-444a153\" data-id=\"444a153\" data-element_type=\"column\" data-e-type=\"column\">\n\t\t\t<div class=\"elementor-widget-wrap elementor-element-populated\">\n\t\t\t\t\t\t<div class=\"elementor-element elementor-element-4f14220 elementor-widget elementor-widget-text-editor\" data-id=\"4f14220\" data-element_type=\"widget\" data-e-type=\"widget\" data-widget_type=\"text-editor.default\">\n\t\t\t\t<div class=\"elementor-widget-container\">\n\t\t\t\t\t\t\t\t\t<h2><strong>Nuestros principios<\/strong><\/h2><p><strong>Empat\u00eda<\/strong> \u2013 Vernos en el\/a otro\/a para construir juntos\/as.<\/p><p><strong>Di\u00e1logo<\/strong> \u2013 Donde las diferencias encuentran un sentido com\u00fan.<\/p><p><strong>Comunidad<\/strong> \u2013 Tejer, desde lo diverso, una identidad compartida y enriquecida.<\/p><p><strong>Transparencia<\/strong> \u2013 Actuar con claridad y responsabilidad.<\/p><p><strong>Equidad<\/strong> \u2013 Promover justicia y oportunidades para todos\/as.<\/p><p><strong>Compromiso<\/strong> \u2013 Sostener la acci\u00f3n con constancia y entrega.<\/p><h2><strong>El significado de Marangatu y su simbolog\u00eda <\/strong><\/h2><p>El nombre de la Fundaci\u00f3n, as\u00ed como la simbolog\u00eda que la representa, surge de una b\u00fasqueda colectiva de palabras y elementos identitarios que, dentro de la cosmovisi\u00f3n guaran\u00ed, expresan los principios y valores que gu\u00edan nuestro trabajo.<\/p><p>Marangatu es un t\u00e9rmino mbya guaran\u00ed que hace referencia a la bondad, el buen comportamiento y lo justo. A partir de este concepto, ni\u00f1os, ni\u00f1as y j\u00f3venes de distintas comunidades de la provincia de Misiones realizaron dibujos e interpretaciones que dieron origen al logo de la Fundaci\u00f3n.\u00a0<\/p><p><img decoding=\"async\" class=\"wp-image-479 size-full\" src=\"https:\/\/fundacionmarangatu.org\/wp-content\/uploads\/2026\/03\/FADO-FOTO-COLIBRI2.png\" alt=\"\" width=\"1005\" height=\"725\" srcset=\"https:\/\/fundacionmarangatu.org\/wp-content\/uploads\/2026\/03\/FADO-FOTO-COLIBRI2.png 1005w, https:\/\/fundacionmarangatu.org\/wp-content\/uploads\/2026\/03\/FADO-FOTO-COLIBRI2-300x216.png 300w, https:\/\/fundacionmarangatu.org\/wp-content\/uploads\/2026\/03\/FADO-FOTO-COLIBRI2-768x554.png 768w\" sizes=\"(max-width: 1005px) 100vw, 1005px\" \/>\u00a0 \u00a0 \u00a0 \u00a0 \u00a0 \u00a0 \u00a0 \u00a0 \u00a0 \u00a0 \u00a0 \u00a0 Dibujo de Rub\u00e9n Duarte &#8211; Tekoa Guavira Poty<\/p><p>La identidad visual est\u00e1 compuesta por los siguientes elementos:<\/p><p><strong>El Maino\u2019i (colibr\u00ed):<\/strong> elemento primigenio dentro de la cosmovisi\u00f3n guaran\u00ed, asociado al servicio y al cuidado de la vida.<\/p><p><strong>El Avachi (ma\u00edz):<\/strong> posee un valor simb\u00f3lico trascendental para el pueblo guaran\u00ed, no solo como fuente de alimento, sino tambi\u00e9n como elemento central de su espiritualidad.<\/p><p><strong>La guarda: <\/strong>conforma el c\u00edrculo que protege y contiene a los dem\u00e1s elementos, en representaci\u00f3n del Pueblo Guaran\u00ed y de la dimensi\u00f3n comunitaria.<\/p>\t\t\t\t\t\t\t\t<\/div>\n\t\t\t\t<\/div>\n\t\t\t\t\t<\/div>\n\t\t<\/div>\n\t\t\t\t\t<\/div>\n\t\t<\/section>\n\t\t\t\t<\/div>\n\t\t","protected":false},"excerpt":{"rendered":"<p>Quienes somos La Fundaci\u00f3n Marangatu est\u00e1 conformada por un equipo interdisciplinario e intercultural, integrado de manera equitativa por integrantes de las tekoa guaran\u00ed de la provincia de Misiones y por personas no ind\u00edgenas con trayectoria en el acompa\u00f1amiento de procesos comunitarios y en la defensa de los derechos de los pueblos originarios. Nuestro trabajo se [&hellip;]<\/p>\n","protected":false},"author":3,"featured_media":0,"parent":0,"menu_order":0,"comment_status":"closed","ping_status":"closed","template":"","meta":{"_eb_attr":"","footnotes":""},"class_list":["post-14","page","type-page","status-publish","hentry"],"_links":{"self":[{"href":"https:\/\/fundacionmarangatu.org\/index.php?rest_route=\/wp\/v2\/pages\/14","targetHints":{"allow":["GET"]}}],"collection":[{"href":"https:\/\/fundacionmarangatu.org\/index.php?rest_route=\/wp\/v2\/pages"}],"about":[{"href":"https:\/\/fundacionmarangatu.org\/index.php?rest_route=\/wp\/v2\/types\/page"}],"author":[{"embeddable":true,"href":"https:\/\/fundacionmarangatu.org\/index.php?rest_route=\/wp\/v2\/users\/3"}],"replies":[{"embeddable":true,"href":"https:\/\/fundacionmarangatu.org\/index.php?rest_route=%2Fwp%2Fv2%2Fcomments&post=14"}],"version-history":[{"count":19,"href":"https:\/\/fundacionmarangatu.org\/index.php?rest_route=\/wp\/v2\/pages\/14\/revisions"}],"predecessor-version":[{"id":482,"href":"https:\/\/fundacionmarangatu.org\/index.php?rest_route=\/wp\/v2\/pages\/14\/revisions\/482"}],"wp:attachment":[{"href":"https:\/\/fundacionmarangatu.org\/index.php?rest_route=%2Fwp%2Fv2%2Fmedia&parent=14"}],"curies":[{"name":"wp","href":"https:\/\/api.w.org\/{rel}","templated":true}]}}